{"id":143,"date":"2016-05-19T17:13:20","date_gmt":"2016-05-19T17:13:20","guid":{"rendered":"http:\/\/test.kriesi.at\/enfold-health-coach\/?page_id=143"},"modified":"2025-10-24T14:19:41","modified_gmt":"2025-10-24T14:19:41","slug":"contratos","status":"publish","type":"page","link":"https:\/\/doblec.co\/consulting\/","title":{"rendered":"Inicio"},"content":{"rendered":"<\/div><\/div><\/div><!-- close content main div --><\/div><\/div><div id='av_section_1' class='avia-section main_color avia-section-default avia-no-shadow av-section-color-overlay-active avia-bg-style-fixed  av-minimum-height av-minimum-height-100 container_wrap sidebar_right' style = 'background-repeat: no-repeat; background-image: url(https:\/\/doblec.co\/consulting\/wp-content\/uploads\/2018\/11\/Banner1.jpg); background-attachment: fixed; background-position: top left; ' data-section-bg-repeat='no-repeat' ><div class='av-section-color-overlay-wrap'><div class='av-section-color-overlay' style='opacity: 0.5; background-color: #000000; '><\/div><div class='container' ><div class='template-page content  av-content-small alpha units'><div class='post-entry post-entry-type-page post-entry-143'><div class='entry-content-wrapper clearfix'>\n<div class='avia-image-container  av-styling-   avia-align-center '  itemscope=\"itemscope\" itemtype=\"https:\/\/schema.org\/ImageObject\"  ><div class='avia-image-container-inner'><img class='avia_image ' src='https:\/\/doblec.co\/consulting\/wp-content\/uploads\/2018\/11\/fRASE.png' alt='' title='fRASE'   itemprop=\"thumbnailUrl\"  \/><\/div><\/div>\n<\/div><\/div><\/div><!-- close content main div --><\/div><\/div><\/div><div id='after_section_1' class='main_color av_default_container_wrap container_wrap sidebar_right'   ><div class='container' ><div class='template-page content  av-content-small alpha units'><div class='post-entry post-entry-type-page post-entry-143'><div class='entry-content-wrapper clearfix'>\n<\/div><\/div><\/div><!-- close content main div --><\/div><\/div><\/div><div id='welcome' class='av-layout-grid-container entry-content-wrapper main_color av-fixed-cells  container_wrap sidebar_right'   >\n<div class=\"flex_cell no_margin av_one_fourth   av-zero-padding \" style='height:15px; min-height:15px;vertical-align:top; padding:0px; background-color:#00506f; '><div class='flex_cell_inner' ><\/div><\/div><div class=\"flex_cell no_margin av_one_fourth   av-zero-padding \" style='height:15px; min-height:15px;vertical-align:top; padding:0px; background-color:#248db3; '><div class='flex_cell_inner' ><\/div><\/div><div class=\"flex_cell no_margin av_one_fourth   av-zero-padding \" style='height:15px; min-height:15px;vertical-align:top; padding:0px; background-color:#8dc4d6; '><div class='flex_cell_inner' ><\/div><\/div><div class=\"flex_cell no_margin av_one_fourth   av-zero-padding \" style='height:15px; min-height:15px;vertical-align:top; padding:0px; background-color:#919191; '><div class='flex_cell_inner' ><\/div><\/div>\n<\/div>\n<\/div><\/div><\/div><!-- close content main div --><\/div><\/div><div id='nosotros' class='av-layout-grid-container entry-content-wrapper main_color av-flex-cells  container_wrap sidebar_right'   >\n<div class=\"flex_cell no_margin av_one_half   \" style='vertical-align:top; padding:100px; '><div class='flex_cell_inner' ><p><div style='padding-bottom:30px;color:#00506f;font-size:70px;' class='av-special-heading av-special-heading-h2 custom-color-heading blockquote modern-quote  av-inherit-size'><h2 class='av-special-heading-tag'  itemprop=\"headline\"  >Nosotros<\/h2><div class='special-heading-border'><div class='special-heading-inner-border' style='border-color:#00506f'><\/div><\/div><\/div><br \/>\n<div style=' margin-top:30px; margin-bottom:30px;'  class='hr hr-custom hr-left hr-icon-no '><span class='hr-inner   inner-border-av-border-fat' style=' width:50px; border-color:#00506f;' ><span class='hr-inner-style'><\/span><\/span><\/div><br \/>\n<section class=\"av_textblock_section\"  itemscope=\"itemscope\" itemtype=\"https:\/\/schema.org\/CreativeWork\" ><div class='avia_textblock '   itemprop=\"text\" ><p align=\"justify\"><span style=\"font-weight: 400;\">Somos una firma de abogados dedicada a la creaci\u00f3n de soluciones integrales que se adapten a las necesidades del cliente; siempre teniendo de presente el profesionalismo, excelencia y respeto a la ley. <\/span><\/p>\n<p align=\"justify\"><span style=\"font-weight: 400;\">Nos enfocamos en la prestaci\u00f3n de un servicio que satisfaga las expectativas de aquellos que conf\u00edan sus asuntos en nuestras manos, garantizando que enfocaremos nuestros conocimientos en la b\u00fasqueda del mejor resultado posible. \u00a0<\/span><\/p>\n<\/div><\/section><\/p>\n<\/div><\/div><div class=\"flex_cell no_margin av_one_half   avia-full-stretch \" style='background-image:url(https:\/\/doblec.co\/consulting\/wp-content\/uploads\/2018\/11\/Empresa-Colombia-845x684.jpg); background-position:center right; background-repeat:no-repeat; background-attachment:scroll; vertical-align:top; padding:100px; background-color:#00506f; '><div class='flex_cell_inner' ><\/div><\/div>\n<\/div>\n<\/div><\/div><\/div><!-- close content main div --><\/div><\/div><div id='servicios' class='av-layout-grid-container entry-content-wrapper main_color av-flex-cells  container_wrap sidebar_right'   >\n<div class=\"flex_cell no_margin av_one_full   \" ><div class='flex_cell_inner' ><p><div style='padding-bottom:10px;color:#00506f;font-size:60px;' class='av-special-heading av-special-heading-h2 custom-color-heading blockquote modern-quote modern-centered  av-inherit-size'><h2 class='av-special-heading-tag'  itemprop=\"headline\"  >SERVICIOS<\/h2><div class='special-heading-border'><div class='special-heading-inner-border' style='border-color:#00506f'><\/div><\/div><\/div><br \/>\n<div style=' margin-top:30px; margin-bottom:30px;'  class='hr hr-custom hr-center hr-icon-no '><span class='hr-inner   inner-border-av-border-fat' style=' width:50px; border-color:#00506f;' ><span class='hr-inner-style'><\/span><\/span><\/div><\/p>\n<\/div><\/div>\n<\/div>\n<\/div><\/div><\/div><!-- close content main div --><\/div><\/div><div id='nosotros' class='av-layout-grid-container entry-content-wrapper main_color av-flex-cells  container_wrap sidebar_right'   >\n<div class=\"flex_cell no_margin av_one_half   \" style='vertical-align:top; padding:100px; background-color:#00506f; '><div class='flex_cell_inner' ><div style='padding-bottom:30px;color:#ffffff;font-size:70px;' class='av-special-heading av-special-heading-h1 custom-color-heading blockquote modern-quote   av-inherit-size'><h1 class='av-special-heading-tag'  itemprop=\"headline\"  >Derecho comercial y societario.<\/h1><div class='special-heading-border'><div class='special-heading-inner-border' style='border-color:#ffffff'><\/div><\/div><\/div>\n<\/div><\/div><div class=\"flex_cell no_margin av_one_half   avia-full-stretch \" style='vertical-align:top; padding:100px; '><div class='flex_cell_inner' ><section class=\"av_textblock_section\"  itemscope=\"itemscope\" itemtype=\"https:\/\/schema.org\/CreativeWork\" ><div class='avia_textblock '   itemprop=\"text\" ><ul>\n<li><span style=\"font-weight: 400;\">Constituci\u00f3n de sociedades.<\/span><\/li>\n<li><span style=\"font-weight: 400;\">Reforma de estatutos sociales. <\/span><\/li>\n<li><span style=\"font-weight: 400;\">Elaboraci\u00f3n de actas de \u00f3rganos sociales.<\/span><\/li>\n<li><span style=\"font-weight: 400;\">Disoluci\u00f3n y liquidaci\u00f3n de sociedades comerciales.<\/span><\/li>\n<li><span style=\"font-weight: 400;\">Elaboraci\u00f3n de todo tipo de contratos.<\/span><\/li>\n<li><span style=\"font-weight: 400;\">Negociaci\u00f3n de contratos. <\/span><\/li>\n<li><span style=\"font-weight: 400;\">Asesor\u00eda y acompa\u00f1amiento integral en temas de contrataci\u00f3n.<\/span><\/li>\n<li><span style=\"font-weight: 400;\">Emisi\u00f3n de conceptos jur\u00eddicos.<\/span><\/li>\n<li>Asesor\u00eda en temas cambiarios.<\/li>\n<\/ul>\n<\/div><\/section>\n<\/div><\/div>\n<\/div>\n<\/div><\/div><\/div><!-- close content main div --><\/div><\/div><div id='nosotros' class='av-layout-grid-container entry-content-wrapper main_color av-flex-cells  container_wrap sidebar_right'   >\n<div class=\"flex_cell no_margin av_one_half   \" style='vertical-align:top; padding:100px; background-color:#248db3; '><div class='flex_cell_inner' ><p><div style='padding-bottom:30px;color:#ffffff;font-size:70px;' class='av-special-heading av-special-heading-h2 custom-color-heading blockquote modern-quote   av-inherit-size'><h2 class='av-special-heading-tag'  itemprop=\"headline\"  >Derecho tributario.<\/h2><div class='special-heading-border'><div class='special-heading-inner-border' style='border-color:#ffffff'><\/div><\/div><\/div><br \/>\n<div style='height:1px; margin-top:-50px'  class='hr hr-invisible '><span class='hr-inner ' ><span class='hr-inner-style'><\/span><\/span><\/div><\/p>\n<\/div><\/div><div class=\"flex_cell no_margin av_one_half   avia-full-stretch \" style='vertical-align:top; padding:100px; '><div class='flex_cell_inner' ><p><div style='height:25px' class='hr hr-invisible '><span class='hr-inner ' ><span class='hr-inner-style'><\/span><\/span><\/div><br \/>\n<section class=\"av_textblock_section\"  itemscope=\"itemscope\" itemtype=\"https:\/\/schema.org\/CreativeWork\" ><div class='avia_textblock '   itemprop=\"text\" ><ul>\n<li><span style=\"font-weight: 400;\">Planeaci\u00f3n tributaria.<\/span><\/li>\n<li><span style=\"font-weight: 400;\">Asesor\u00eda en temas de tributaci\u00f3n nacional.<\/span><\/li>\n<li><span style=\"font-weight: 400;\">Acompa\u00f1amiento en tr\u00e1mites ante la DIAN.<\/span><\/li>\n<li>Dictamen tributario.<\/li>\n<\/ul>\n<\/div><\/section><\/p>\n<\/div><\/div>\n<\/div>\n<\/div><\/div><\/div><!-- close content main div --><\/div><\/div><div id='nosotros' class='av-layout-grid-container entry-content-wrapper main_color av-flex-cells  container_wrap sidebar_right'   >\n<div class=\"flex_cell no_margin av_one_half   \" style='vertical-align:top; padding:100px; background-color:#8dc4d6; '><div class='flex_cell_inner' ><p><div style='padding-bottom:30px;color:#ffffff;font-size:70px;' class='av-special-heading av-special-heading-h2 custom-color-heading blockquote modern-quote  av-inherit-size'><h2 class='av-special-heading-tag'  itemprop=\"headline\"  >Derecho Penal. <\/h2><div class='special-heading-border'><div class='special-heading-inner-border' style='border-color:#ffffff'><\/div><\/div><\/div><br \/>\n<div style='height:1px; margin-top:-50px'  class='hr hr-invisible '><span class='hr-inner ' ><span class='hr-inner-style'><\/span><\/span><\/div><\/p>\n<\/div><\/div><div class=\"flex_cell no_margin av_one_half   avia-full-stretch \" style='vertical-align:top; padding:100px; '><div class='flex_cell_inner' ><p><div style='height:25px' class='hr hr-invisible '><span class='hr-inner ' ><span class='hr-inner-style'><\/span><\/span><\/div><br \/>\n<section class=\"av_textblock_section\"  itemscope=\"itemscope\" itemtype=\"https:\/\/schema.org\/CreativeWork\" ><div class='avia_textblock '   itemprop=\"text\" ><ul>\n<li><span style=\"font-weight: 400;\">Litigios penales.<\/span><\/li>\n<li><span style=\"font-weight: 400;\">Asesor\u00eda en extinci\u00f3n de dominio y lavado de activos.<\/span><\/li>\n<\/ul>\n<\/div><\/section><\/p>\n<\/div><\/div>\n<\/div>\n<\/div><\/div><\/div><!-- close content main div --><\/div><\/div><div id='contacto' class='avia-section main_color avia-section-default avia-no-shadow avia-full-stretch av-section-color-overlay-active avia-bg-style-scroll  container_wrap sidebar_right' style = 'background-repeat: no-repeat; background-image: url(https:\/\/doblec.co\/consulting\/wp-content\/uploads\/2018\/03\/empatia_doblec_consulting.jpg); background-attachment: scroll; background-position: center center; ' data-section-bg-repeat='stretch' ><div class='av-section-color-overlay-wrap'><div class='av-section-color-overlay' style='opacity: 0.3; background-color: #00506f; '><\/div><div class='container' ><div class='template-page content  av-content-small alpha units'><div class='post-entry post-entry-type-page post-entry-143'><div class='entry-content-wrapper clearfix'>\n<div style='padding-bottom:10px;color:#ffffff;font-size:60px;' class='av-special-heading av-special-heading-h2 custom-color-heading blockquote modern-quote modern-centered   av-inherit-size'><h2 class='av-special-heading-tag'  itemprop=\"headline\"  >CONTACTO<\/h2><div class='special-heading-border'><div class='special-heading-inner-border' style='border-color:#ffffff'><\/div><\/div><\/div>\n<div style=' margin-top:30px; margin-bottom:30px;'  class='hr hr-custom hr-center hr-icon-no '><span class='hr-inner   inner-border-av-border-fat' style=' width:50px; border-color:#ffffff;' ><span class='hr-inner-style'><\/span><\/span><\/div>\n<div class=\"flex_column av_one_fifth  flex_column_div av-zero-column-padding first  \" style='border-radius:0px; '><\/div><div class=\"flex_column av_three_fifth  flex_column_div av-zero-column-padding   \" style='border-radius:0px; '><form action=\"https:\/\/doblec.co\/consulting\/\" method=\"post\"  class=\"avia_ajax_form av-form-labels-hidden   \" data-avia-form-id=\"1\" data-avia-redirect=''><fieldset><p class=' first_form  form_element form_fullwidth' id='element_avia_1_1'> <input name=\"avia_1_1\" class=\"text_input is_empty\" type=\"text\" id=\"avia_1_1\" value=\"\"  placeholder='Nombre*'\/><\/p><p class=' first_form  form_element form_fullwidth' id='element_avia_2_1'> <input name=\"avia_2_1\" class=\"text_input is_number\" type=\"text\" id=\"avia_2_1\" value=\"\"  placeholder='Tel\u00e9fono*'\/><\/p><p class=' first_form  form_element form_fullwidth' id='element_avia_3_1'> <input name=\"avia_3_1\" class=\"text_input is_empty\" type=\"text\" id=\"avia_3_1\" value=\"\"  placeholder='Correo electr\u00f3nico*'\/><\/p><p class=' first_form  form_element form_fullwidth av-last-visible-form-element' id='element_avia_4_1'>\t <textarea  placeholder='Consulta*' name=\"avia_4_1\" class=\"text_area is_empty\" cols=\"40\" rows=\"7\" id=\"avia_4_1\" ><\/textarea><\/p><p class=\"hidden\"><input type=\"text\" name=\"avia_5_1\" class=\"hidden \" id=\"avia_5_1\" value=\"\" \/><\/p><p class=\"form_element \"><input type=\"hidden\" value=\"1\" name=\"avia_generated_form1\" \/><input type=\"submit\" value=\"Enviar\" class=\"button\"  data-sending-label=\"Enviando\"\/><\/p><\/fieldset><\/form><div id=\"ajaxresponse_1\" class=\"ajaxresponse ajaxresponse_1 hidden\"><\/div><\/div><div class=\"flex_column av_one_fifth  flex_column_div av-zero-column-padding   \" style='border-radius:0px; '><\/div><\/div><\/div><\/div><!-- close content main div --><\/div><\/div><\/div><div id='after_section_2' class='main_color av_default_container_wrap container_wrap sidebar_right'   ><div class='container' ><div class='template-page content  av-content-small alpha units'><div class='post-entry post-entry-type-page post-entry-143'><div class='entry-content-wrapper clearfix'>\n","protected":false},"excerpt":{"rendered":"","protected":false},"author":1,"featured_media":0,"parent":0,"menu_order":0,"comment_status":"closed","ping_status":"closed","template":"","meta":{"footnotes":""},"class_list":["post-143","page","type-page","status-publish","hentry"],"yoast_head":"<!-- This site is optimized with the Yoast SEO plugin v26.2 - https:\/\/yoast.com\/wordpress\/plugins\/seo\/ -->\n<title>Elaboraci\u00f3n de contratos - Doble C Consulting<\/title>\n<meta name=\"description\" content=\"Somos una firma de abogados dedicada a la elaboraci\u00f3n de contratos integrales que se adapten a las necesidades del cliente.\" \/>\n<meta name=\"robots\" content=\"index, follow, max-snippet:-1, max-image-preview:large, max-video-preview:-1\" \/>\n<link rel=\"canonical\" href=\"https:\/\/doblec.co\/consulting\/\" \/>\n<meta property=\"og:locale\" content=\"es_ES\" \/>\n<meta property=\"og:type\" content=\"article\" \/>\n<meta property=\"og:title\" content=\"Elaboraci\u00f3n de contratos - Doble C Consulting\" \/>\n<meta property=\"og:description\" content=\"Somos una firma de abogados dedicada a la elaboraci\u00f3n de contratos integrales que se adapten a las necesidades del cliente.\" \/>\n<meta property=\"og:url\" content=\"https:\/\/doblec.co\/consulting\/\" \/>\n<meta property=\"og:site_name\" content=\"Doble C Consulting\" \/>\n<meta property=\"article:modified_time\" content=\"2025-10-24T14:19:41+00:00\" \/>\n<meta name=\"twitter:card\" content=\"summary_large_image\" \/>\n<meta name=\"twitter:label1\" content=\"Tiempo de lectura\" \/>\n\t<meta name=\"twitter:data1\" content=\"4 minutos\" \/>\n<script type=\"application\/ld+json\" class=\"yoast-schema-graph\">{\"@context\":\"https:\/\/schema.org\",\"@graph\":[{\"@type\":\"WebPage\",\"@id\":\"https:\/\/doblec.co\/consulting\/\",\"url\":\"https:\/\/doblec.co\/consulting\/\",\"name\":\"Elaboraci\u00f3n de contratos - Doble C Consulting\",\"isPartOf\":{\"@id\":\"https:\/\/doblec.co\/consulting\/#website\"},\"datePublished\":\"2016-05-19T17:13:20+00:00\",\"dateModified\":\"2025-10-24T14:19:41+00:00\",\"description\":\"Somos una firma de abogados dedicada a la elaboraci\u00f3n de contratos integrales que se adapten a las necesidades del cliente.\",\"breadcrumb\":{\"@id\":\"https:\/\/doblec.co\/consulting\/#breadcrumb\"},\"inLanguage\":\"es\",\"potentialAction\":[{\"@type\":\"ReadAction\",\"target\":[\"https:\/\/doblec.co\/consulting\/\"]}]},{\"@type\":\"BreadcrumbList\",\"@id\":\"https:\/\/doblec.co\/consulting\/#breadcrumb\",\"itemListElement\":[{\"@type\":\"ListItem\",\"position\":1,\"name\":\"Portada\",\"item\":\"https:\/\/doblec.co\/consulting\/\"},{\"@type\":\"ListItem\",\"position\":2,\"name\":\"Inicio\"}]},{\"@type\":\"WebSite\",\"@id\":\"https:\/\/doblec.co\/consulting\/#website\",\"url\":\"https:\/\/doblec.co\/consulting\/\",\"name\":\"Doble C Consulting\",\"description\":\"Creando soluciones\",\"potentialAction\":[{\"@type\":\"SearchAction\",\"target\":{\"@type\":\"EntryPoint\",\"urlTemplate\":\"https:\/\/doblec.co\/consulting\/?s={search_term_string}\"},\"query-input\":{\"@type\":\"PropertyValueSpecification\",\"valueRequired\":true,\"valueName\":\"search_term_string\"}}],\"inLanguage\":\"es\"}]}<\/script>\n<!-- \/ Yoast SEO plugin. -->","yoast_head_json":{"title":"Elaboraci\u00f3n de contratos - Doble C Consulting","description":"Somos una firma de abogados dedicada a la elaboraci\u00f3n de contratos integrales que se adapten a las necesidades del cliente.","robots":{"index":"index","follow":"follow","max-snippet":"max-snippet:-1","max-image-preview":"max-image-preview:large","max-video-preview":"max-video-preview:-1"},"canonical":"https:\/\/doblec.co\/consulting\/","og_locale":"es_ES","og_type":"article","og_title":"Elaboraci\u00f3n de contratos - Doble C Consulting","og_description":"Somos una firma de abogados dedicada a la elaboraci\u00f3n de contratos integrales que se adapten a las necesidades del cliente.","og_url":"https:\/\/doblec.co\/consulting\/","og_site_name":"Doble C Consulting","article_modified_time":"2025-10-24T14:19:41+00:00","twitter_card":"summary_large_image","twitter_misc":{"Tiempo de lectura":"4 minutos"},"schema":{"@context":"https:\/\/schema.org","@graph":[{"@type":"WebPage","@id":"https:\/\/doblec.co\/consulting\/","url":"https:\/\/doblec.co\/consulting\/","name":"Elaboraci\u00f3n de contratos - Doble C Consulting","isPartOf":{"@id":"https:\/\/doblec.co\/consulting\/#website"},"datePublished":"2016-05-19T17:13:20+00:00","dateModified":"2025-10-24T14:19:41+00:00","description":"Somos una firma de abogados dedicada a la elaboraci\u00f3n de contratos integrales que se adapten a las necesidades del cliente.","breadcrumb":{"@id":"https:\/\/doblec.co\/consulting\/#breadcrumb"},"inLanguage":"es","potentialAction":[{"@type":"ReadAction","target":["https:\/\/doblec.co\/consulting\/"]}]},{"@type":"BreadcrumbList","@id":"https:\/\/doblec.co\/consulting\/#breadcrumb","itemListElement":[{"@type":"ListItem","position":1,"name":"Portada","item":"https:\/\/doblec.co\/consulting\/"},{"@type":"ListItem","position":2,"name":"Inicio"}]},{"@type":"WebSite","@id":"https:\/\/doblec.co\/consulting\/#website","url":"https:\/\/doblec.co\/consulting\/","name":"Doble C Consulting","description":"Creando soluciones","potentialAction":[{"@type":"SearchAction","target":{"@type":"EntryPoint","urlTemplate":"https:\/\/doblec.co\/consulting\/?s={search_term_string}"},"query-input":{"@type":"PropertyValueSpecification","valueRequired":true,"valueName":"search_term_string"}}],"inLanguage":"es"}]}},"_links":{"self":[{"href":"https:\/\/doblec.co\/consulting\/wp-json\/wp\/v2\/pages\/143","targetHints":{"allow":["GET"]}}],"collection":[{"href":"https:\/\/doblec.co\/consulting\/wp-json\/wp\/v2\/pages"}],"about":[{"href":"https:\/\/doblec.co\/consulting\/wp-json\/wp\/v2\/types\/page"}],"author":[{"embeddable":true,"href":"https:\/\/doblec.co\/consulting\/wp-json\/wp\/v2\/users\/1"}],"replies":[{"embeddable":true,"href":"https:\/\/doblec.co\/consulting\/wp-json\/wp\/v2\/comments?post=143"}],"version-history":[{"count":143,"href":"https:\/\/doblec.co\/consulting\/wp-json\/wp\/v2\/pages\/143\/revisions"}],"predecessor-version":[{"id":2511,"href":"https:\/\/doblec.co\/consulting\/wp-json\/wp\/v2\/pages\/143\/revisions\/2511"}],"wp:attachment":[{"href":"https:\/\/doblec.co\/consulting\/wp-json\/wp\/v2\/media?parent=143"}],"curies":[{"name":"wp","href":"https:\/\/api.w.org\/{rel}","templated":true}]}}